{"id":7404,"date":"2019-03-11T15:50:15","date_gmt":"2019-03-11T19:50:15","guid":{"rendered":"https:\/\/www.cscdigitalbrand.services\/blog\/thank-you-copy\/"},"modified":"2022-01-18T15:28:44","modified_gmt":"2022-01-18T20:28:44","slug":"merci","status":"publish","type":"page","link":"https:\/\/www.cscdbs.com\/blog\/merci\/","title":{"rendered":"Merci ! Votre inscription est enregistr\u00e9e."},"content":{"rendered":"\n<h3>Veuillez ajouter notre adresse e-mail \u00e0 votre carnet d&#8217;adresses ou \u00e0 votre liste d&#8217;exp\u00e9diteurs  approuv\u00e9s, pour \u00eatre s\u00fbrs de recevoir nos e-mails : <a href=\"mailto:contact@communications.cscglobal.com\">contact@communications.cscglobal.com<\/a>.<\/h3>\n<p><span class=\"csc-icon c-i-cursor-click text-secondary font-md mr10\"><\/span><a href=\"\/blog\/fr\/\">Parcourez nos derni\u00e8res publications<\/a><\/p>\n<p><span class=\"csc-icon c-i-cursor-click text-secondary font-md mr10\"><\/span><a href=\"https:\/\/www.cscdbs.com\/fr\/\" target=\"_blank\" rel=\"noopener\">Consultez notre site web Digital Brand Services<\/a><\/p>\n","protected":false},"excerpt":{"rendered":"<p>Veuillez ajouter notre adresse e-mail \u00e0 votre carnet d&#8217;adresses ou \u00e0 votre liste d&#8217;exp\u00e9diteurs approuv\u00e9s, pour \u00eatre s\u00fbrs de recevoir nos e-mails : contact@communications.cscglobal.com. Parcourez nos derni\u00e8res publications Consultez notre site web Digital Brand Services<\/p>\n","protected":false},"author":10,"featured_media":10432,"parent":0,"menu_order":0,"comment_status":"closed","ping_status":"closed","template":"page_full-width.php","meta":{"_acf_changed":false,"footnotes":""},"class_list":["post-7404","page","type-page","status-publish","has-post-thumbnail","hentry"],"acf":[],"yoast_head":"<!-- This site is optimized with the Yoast SEO plugin v27.4 - https:\/\/yoast.com\/product\/yoast-seo-wordpress\/ -->\n<title>Merci ! Votre inscription est enregistr\u00e9e. | CSC<\/title>\n<meta name=\"description\" content=\"Veuillez ajouter notre adresse e-mail \u00e0 votre carnet d&#039;adresses ou \u00e0 votre liste d&#039;exp\u00e9diteurs approuv\u00e9s, pour \u00eatre s\u00fbrs de recevoir nos e-mails :\" \/>\n<meta name=\"robots\" content=\"index, follow, max-snippet:-1, max-image-preview:large, max-video-preview:-1\" \/>\n<link rel=\"canonical\" href=\"https:\/\/www.cscdbs.com\/blog\/merci\/\" \/>\n<meta property=\"og:locale\" content=\"en_US\" \/>\n<meta property=\"og:type\" content=\"article\" \/>\n<meta property=\"og:title\" content=\"Merci ! Votre inscription est enregistr\u00e9e. | CSC\" \/>\n<meta property=\"og:description\" content=\"Veuillez ajouter notre adresse e-mail \u00e0 votre carnet d&#039;adresses ou \u00e0 votre liste d&#039;exp\u00e9diteurs approuv\u00e9s, pour \u00eatre s\u00fbrs de recevoir nos e-mails :\" \/>\n<meta property=\"og:url\" content=\"https:\/\/www.cscdbs.com\/blog\/merci\/\" \/>\n<meta property=\"og:site_name\" content=\"Digital Brand Services Blog\" \/>\n<meta property=\"article:publisher\" content=\"https:\/\/www.facebook.com\/corporationserviceco\" \/>\n<meta property=\"article:modified_time\" content=\"2022-01-18T20:28:44+00:00\" \/>\n<meta property=\"og:image\" content=\"https:\/\/cscwebcontentstorage.blob.core.windows.net\/cscmarketing-cscdbs-media\/uploads\/2021\/11\/cscdbsblog_1000x55012.jpg\" \/>\n\t<meta property=\"og:image:width\" content=\"1000\" \/>\n\t<meta property=\"og:image:height\" content=\"550\" \/>\n\t<meta property=\"og:image:type\" content=\"image\/jpeg\" \/>\n<meta name=\"twitter:card\" content=\"summary_large_image\" \/>\n<meta name=\"twitter:site\" content=\"@cscdbs\" \/>\n<script type=\"application\/ld+json\" class=\"yoast-schema-graph\">{\"@context\":\"https:\\\/\\\/schema.org\",\"@graph\":[{\"@type\":\"WebPage\",\"@id\":\"https:\\\/\\\/www.cscdbs.com\\\/blog\\\/merci\\\/\",\"url\":\"https:\\\/\\\/www.cscdbs.com\\\/blog\\\/merci\\\/\",\"name\":\"Merci ! Votre inscription est enregistr\u00e9e. | CSC\",\"isPartOf\":{\"@id\":\"https:\\\/\\\/www.cscdbs.com\\\/blog\\\/#website\"},\"primaryImageOfPage\":{\"@id\":\"https:\\\/\\\/www.cscdbs.com\\\/blog\\\/merci\\\/#primaryimage\"},\"image\":{\"@id\":\"https:\\\/\\\/www.cscdbs.com\\\/blog\\\/merci\\\/#primaryimage\"},\"thumbnailUrl\":\"https:\\\/\\\/cscwebcontentstorage.blob.core.windows.net\\\/cscmarketing-cscdbs-media\\\/uploads\\\/2021\\\/11\\\/cscdbsblog_1000x55012.jpg\",\"datePublished\":\"2019-03-11T19:50:15+00:00\",\"dateModified\":\"2022-01-18T20:28:44+00:00\",\"description\":\"Veuillez ajouter notre adresse e-mail \u00e0 votre carnet d'adresses ou \u00e0 votre liste d'exp\u00e9diteurs approuv\u00e9s, pour \u00eatre s\u00fbrs de recevoir nos e-mails :\",\"breadcrumb\":{\"@id\":\"https:\\\/\\\/www.cscdbs.com\\\/blog\\\/merci\\\/#breadcrumb\"},\"inLanguage\":\"en-US\",\"potentialAction\":[{\"@type\":\"ReadAction\",\"target\":[\"https:\\\/\\\/www.cscdbs.com\\\/blog\\\/merci\\\/\"]}]},{\"@type\":\"ImageObject\",\"inLanguage\":\"en-US\",\"@id\":\"https:\\\/\\\/www.cscdbs.com\\\/blog\\\/merci\\\/#primaryimage\",\"url\":\"https:\\\/\\\/cscwebcontentstorage.blob.core.windows.net\\\/cscmarketing-cscdbs-media\\\/uploads\\\/2021\\\/11\\\/cscdbsblog_1000x55012.jpg\",\"contentUrl\":\"https:\\\/\\\/cscwebcontentstorage.blob.core.windows.net\\\/cscmarketing-cscdbs-media\\\/uploads\\\/2021\\\/11\\\/cscdbsblog_1000x55012.jpg\",\"width\":1000,\"height\":550},{\"@type\":\"BreadcrumbList\",\"@id\":\"https:\\\/\\\/www.cscdbs.com\\\/blog\\\/merci\\\/#breadcrumb\",\"itemListElement\":[{\"@type\":\"ListItem\",\"position\":1,\"name\":\"Home\",\"item\":\"https:\\\/\\\/www.cscdbs.com\\\/blog\\\/\"},{\"@type\":\"ListItem\",\"position\":2,\"name\":\"Merci ! Votre inscription est enregistr\u00e9e.\"}]},{\"@type\":\"WebSite\",\"@id\":\"https:\\\/\\\/www.cscdbs.com\\\/blog\\\/#website\",\"url\":\"https:\\\/\\\/www.cscdbs.com\\\/blog\\\/\",\"name\":\"Digital Brand Services Blog\",\"description\":\"Domains, new gTLDs, brand protection, security &amp; trademark news\",\"publisher\":{\"@id\":\"https:\\\/\\\/www.cscdbs.com\\\/blog\\\/#organization\"},\"potentialAction\":[{\"@type\":\"SearchAction\",\"target\":{\"@type\":\"EntryPoint\",\"urlTemplate\":\"https:\\\/\\\/www.cscdbs.com\\\/blog\\\/?s={search_term_string}\"},\"query-input\":{\"@type\":\"PropertyValueSpecification\",\"valueRequired\":true,\"valueName\":\"search_term_string\"}}],\"inLanguage\":\"en-US\"},{\"@type\":\"Organization\",\"@id\":\"https:\\\/\\\/www.cscdbs.com\\\/blog\\\/#organization\",\"name\":\"CSC Digital Brand Services\",\"url\":\"https:\\\/\\\/www.cscdbs.com\\\/blog\\\/\",\"logo\":{\"@type\":\"ImageObject\",\"inLanguage\":\"en-US\",\"@id\":\"https:\\\/\\\/www.cscdbs.com\\\/blog\\\/#\\\/schema\\\/logo\\\/image\\\/\",\"url\":\"https:\\\/\\\/cscwebcontentstorage.blob.core.windows.net\\\/cscmarketing-cscdbs-media\\\/uploads\\\/2018\\\/06\\\/cropped-dbs_small.gif\",\"contentUrl\":\"https:\\\/\\\/cscwebcontentstorage.blob.core.windows.net\\\/cscmarketing-cscdbs-media\\\/uploads\\\/2018\\\/06\\\/cropped-dbs_small.gif\",\"width\":200,\"height\":200,\"caption\":\"CSC Digital Brand Services\"},\"image\":{\"@id\":\"https:\\\/\\\/www.cscdbs.com\\\/blog\\\/#\\\/schema\\\/logo\\\/image\\\/\"},\"sameAs\":[\"https:\\\/\\\/www.facebook.com\\\/corporationserviceco\",\"https:\\\/\\\/x.com\\\/cscdbs\",\"https:\\\/\\\/www.linkedin.com\\\/showcase\\\/csc-digital-brand-services\\\/\"]}]}<\/script>\n<!-- \/ Yoast SEO plugin. -->","yoast_head_json":{"title":"Merci ! Votre inscription est enregistr\u00e9e. | CSC","description":"Veuillez ajouter notre adresse e-mail \u00e0 votre carnet d'adresses ou \u00e0 votre liste d'exp\u00e9diteurs approuv\u00e9s, pour \u00eatre s\u00fbrs de recevoir nos e-mails :","robots":{"index":"index","follow":"follow","max-snippet":"max-snippet:-1","max-image-preview":"max-image-preview:large","max-video-preview":"max-video-preview:-1"},"canonical":"https:\/\/www.cscdbs.com\/blog\/merci\/","og_locale":"en_US","og_type":"article","og_title":"Merci ! Votre inscription est enregistr\u00e9e. | CSC","og_description":"Veuillez ajouter notre adresse e-mail \u00e0 votre carnet d'adresses ou \u00e0 votre liste d'exp\u00e9diteurs approuv\u00e9s, pour \u00eatre s\u00fbrs de recevoir nos e-mails :","og_url":"https:\/\/www.cscdbs.com\/blog\/merci\/","og_site_name":"Digital Brand Services Blog","article_publisher":"https:\/\/www.facebook.com\/corporationserviceco","article_modified_time":"2022-01-18T20:28:44+00:00","og_image":[{"width":1000,"height":550,"url":"https:\/\/cscwebcontentstorage.blob.core.windows.net\/cscmarketing-cscdbs-media\/uploads\/2021\/11\/cscdbsblog_1000x55012.jpg","type":"image\/jpeg"}],"twitter_card":"summary_large_image","twitter_site":"@cscdbs","schema":{"@context":"https:\/\/schema.org","@graph":[{"@type":"WebPage","@id":"https:\/\/www.cscdbs.com\/blog\/merci\/","url":"https:\/\/www.cscdbs.com\/blog\/merci\/","name":"Merci ! Votre inscription est enregistr\u00e9e. | CSC","isPartOf":{"@id":"https:\/\/www.cscdbs.com\/blog\/#website"},"primaryImageOfPage":{"@id":"https:\/\/www.cscdbs.com\/blog\/merci\/#primaryimage"},"image":{"@id":"https:\/\/www.cscdbs.com\/blog\/merci\/#primaryimage"},"thumbnailUrl":"https:\/\/cscwebcontentstorage.blob.core.windows.net\/cscmarketing-cscdbs-media\/uploads\/2021\/11\/cscdbsblog_1000x55012.jpg","datePublished":"2019-03-11T19:50:15+00:00","dateModified":"2022-01-18T20:28:44+00:00","description":"Veuillez ajouter notre adresse e-mail \u00e0 votre carnet d'adresses ou \u00e0 votre liste d'exp\u00e9diteurs approuv\u00e9s, pour \u00eatre s\u00fbrs de recevoir nos e-mails :","breadcrumb":{"@id":"https:\/\/www.cscdbs.com\/blog\/merci\/#breadcrumb"},"inLanguage":"en-US","potentialAction":[{"@type":"ReadAction","target":["https:\/\/www.cscdbs.com\/blog\/merci\/"]}]},{"@type":"ImageObject","inLanguage":"en-US","@id":"https:\/\/www.cscdbs.com\/blog\/merci\/#primaryimage","url":"https:\/\/cscwebcontentstorage.blob.core.windows.net\/cscmarketing-cscdbs-media\/uploads\/2021\/11\/cscdbsblog_1000x55012.jpg","contentUrl":"https:\/\/cscwebcontentstorage.blob.core.windows.net\/cscmarketing-cscdbs-media\/uploads\/2021\/11\/cscdbsblog_1000x55012.jpg","width":1000,"height":550},{"@type":"BreadcrumbList","@id":"https:\/\/www.cscdbs.com\/blog\/merci\/#breadcrumb","itemListElement":[{"@type":"ListItem","position":1,"name":"Home","item":"https:\/\/www.cscdbs.com\/blog\/"},{"@type":"ListItem","position":2,"name":"Merci ! Votre inscription est enregistr\u00e9e."}]},{"@type":"WebSite","@id":"https:\/\/www.cscdbs.com\/blog\/#website","url":"https:\/\/www.cscdbs.com\/blog\/","name":"Digital Brand Services Blog","description":"Domains, new gTLDs, brand protection, security &amp; trademark news","publisher":{"@id":"https:\/\/www.cscdbs.com\/blog\/#organization"},"potentialAction":[{"@type":"SearchAction","target":{"@type":"EntryPoint","urlTemplate":"https:\/\/www.cscdbs.com\/blog\/?s={search_term_string}"},"query-input":{"@type":"PropertyValueSpecification","valueRequired":true,"valueName":"search_term_string"}}],"inLanguage":"en-US"},{"@type":"Organization","@id":"https:\/\/www.cscdbs.com\/blog\/#organization","name":"CSC Digital Brand Services","url":"https:\/\/www.cscdbs.com\/blog\/","logo":{"@type":"ImageObject","inLanguage":"en-US","@id":"https:\/\/www.cscdbs.com\/blog\/#\/schema\/logo\/image\/","url":"https:\/\/cscwebcontentstorage.blob.core.windows.net\/cscmarketing-cscdbs-media\/uploads\/2018\/06\/cropped-dbs_small.gif","contentUrl":"https:\/\/cscwebcontentstorage.blob.core.windows.net\/cscmarketing-cscdbs-media\/uploads\/2018\/06\/cropped-dbs_small.gif","width":200,"height":200,"caption":"CSC Digital Brand Services"},"image":{"@id":"https:\/\/www.cscdbs.com\/blog\/#\/schema\/logo\/image\/"},"sameAs":["https:\/\/www.facebook.com\/corporationserviceco","https:\/\/x.com\/cscdbs","https:\/\/www.linkedin.com\/showcase\/csc-digital-brand-services\/"]}]}},"_links":{"self":[{"href":"https:\/\/www.cscdbs.com\/blog\/wp-json\/wp\/v2\/pages\/7404","targetHints":{"allow":["GET"]}}],"collection":[{"href":"https:\/\/www.cscdbs.com\/blog\/wp-json\/wp\/v2\/pages"}],"about":[{"href":"https:\/\/www.cscdbs.com\/blog\/wp-json\/wp\/v2\/types\/page"}],"author":[{"embeddable":true,"href":"https:\/\/www.cscdbs.com\/blog\/wp-json\/wp\/v2\/users\/10"}],"replies":[{"embeddable":true,"href":"https:\/\/www.cscdbs.com\/blog\/wp-json\/wp\/v2\/comments?post=7404"}],"version-history":[{"count":5,"href":"https:\/\/www.cscdbs.com\/blog\/wp-json\/wp\/v2\/pages\/7404\/revisions"}],"predecessor-version":[{"id":10768,"href":"https:\/\/www.cscdbs.com\/blog\/wp-json\/wp\/v2\/pages\/7404\/revisions\/10768"}],"wp:featuredmedia":[{"embeddable":true,"href":"https:\/\/www.cscdbs.com\/blog\/wp-json\/wp\/v2\/media\/10432"}],"wp:attachment":[{"href":"https:\/\/www.cscdbs.com\/blog\/wp-json\/wp\/v2\/media?parent=7404"}],"curies":[{"name":"wp","href":"https:\/\/api.w.org\/{rel}","templated":true}]}}